{"id":15042,"date":"2023-02-07T13:04:06","date_gmt":"2023-02-07T13:04:06","guid":{"rendered":"https:\/\/dev.bodytrainingstudio.be\/informacion-al-cliente\/"},"modified":"2023-02-24T13:56:29","modified_gmt":"2023-02-24T13:56:29","slug":"informacion-al-cliente","status":"publish","type":"page","link":"https:\/\/dev.bodytrainingstudio.be\/es\/informacion-al-cliente\/","title":{"rendered":"Informaci\u00f3n al cliente"},"content":{"rendered":"\t\t<div data-elementor-type=\"wp-page\" data-elementor-id=\"15042\" class=\"elementor elementor-15042 elementor-12742\">\n\t\t\t\t\t\t<div class=\"elementor-inner\">\n\t\t\t\t<div class=\"elementor-section-wrap\">\n\t\t\t\t\t\t\t\t\t<section class=\"elementor-section elementor-top-section elementor-element elementor-element-420dfeec elementor-section-stretched elementor-section-full_width elementor-section-content-middle elementor-section-height-default elementor-section-height-default qodef-elementor-content-no\" data-id=\"420dfeec\" data-element_type=\"section\" data-settings=\"{&quot;stretch_section&quot;:&quot;section-stretched&quot;}\">\n\t\t\t\t\t\t<div class=\"elementor-container elementor-column-gap-no\">\n\t\t\t\t\t\t\t<div class=\"elementor-row\">\n\t\t\t\t\t<div class=\"elementor-column elementor-col-33 elementor-top-column elementor-element elementor-element-4aa22539 animated-fast elementor-invisible\" data-id=\"4aa22539\" data-element_type=\"column\" data-settings=\"{&quot;background_background&quot;:&quot;classic&quot;,&quot;animation&quot;:&quot;fadeInLeft&quot;}\">\n\t\t\t<div class=\"elementor-column-wrap elementor-element-populated\">\n\t\t\t\t\t\t\t<div class=\"elementor-widget-wrap\">\n\t\t\t\t\t\t<div class=\"elementor-element elementor-element-327e34e2 elementor-widget elementor-widget-spacer\" data-id=\"327e34e2\" data-element_type=\"widget\" data-widget_type=\"spacer.default\">\n\t\t\t\t<div class=\"elementor-widget-container\">\n\t\t\t\t\t<div class=\"elementor-spacer\">\n\t\t\t<div class=\"elementor-spacer-inner\"><\/div>\n\t\t<\/div>\n\t\t\t\t<\/div>\n\t\t\t\t<\/div>\n\t\t\t\t\t\t<\/div>\n\t\t\t\t\t<\/div>\n\t\t<\/div>\n\t\t\t\t<div class=\"elementor-column elementor-col-66 elementor-top-column elementor-element elementor-element-1cd6fd79\" data-id=\"1cd6fd79\" data-element_type=\"column\">\n\t\t\t<div class=\"elementor-column-wrap elementor-element-populated\">\n\t\t\t\t\t\t\t<div class=\"elementor-widget-wrap\">\n\t\t\t\t\t\t<section class=\"elementor-section elementor-inner-section elementor-element elementor-element-5bde81dd elementor-section-boxed elementor-section-height-default elementor-section-height-default qodef-elementor-content-no\" data-id=\"5bde81dd\" data-element_type=\"section\">\n\t\t\t\t\t\t<div class=\"elementor-container elementor-column-gap-default\">\n\t\t\t\t\t\t\t<div class=\"elementor-row\">\n\t\t\t\t\t<div class=\"elementor-column elementor-col-100 elementor-inner-column elementor-element elementor-element-1f83a18f\" data-id=\"1f83a18f\" data-element_type=\"column\">\n\t\t\t<div class=\"elementor-column-wrap elementor-element-populated\">\n\t\t\t\t\t\t\t<div class=\"elementor-widget-wrap\">\n\t\t\t\t\t\t<div class=\"elementor-element elementor-element-57dbe435 elementor-invisible elementor-widget elementor-widget-heading\" data-id=\"57dbe435\" data-element_type=\"widget\" data-settings=\"{&quot;_animation&quot;:&quot;fadeIn&quot;}\" data-widget_type=\"heading.default\">\n\t\t\t\t<div class=\"elementor-widget-container\">\n\t\t\t<h2 class=\"elementor-heading-title elementor-size-default\">Informaci\u00f3n pr\u00e1ctica<\/h2>\t\t<\/div>\n\t\t\t\t<\/div>\n\t\t\t\t<div class=\"elementor-element elementor-element-3a6c0f15 elementor-widget elementor-widget-spacer\" data-id=\"3a6c0f15\" data-element_type=\"widget\" data-widget_type=\"spacer.default\">\n\t\t\t\t<div class=\"elementor-widget-container\">\n\t\t\t\t\t<div class=\"elementor-spacer\">\n\t\t\t<div class=\"elementor-spacer-inner\"><\/div>\n\t\t<\/div>\n\t\t\t\t<\/div>\n\t\t\t\t<\/div>\n\t\t\t\t<div class=\"elementor-element elementor-element-46161530 elementor-invisible elementor-widget elementor-widget-heading\" data-id=\"46161530\" data-element_type=\"widget\" data-settings=\"{&quot;_animation&quot;:&quot;fadeIn&quot;}\" data-widget_type=\"heading.default\">\n\t\t\t\t<div class=\"elementor-widget-container\">\n\t\t\t<h4 class=\"elementor-heading-title elementor-size-default\">Estimados clientes,<\/h4>\t\t<\/div>\n\t\t\t\t<\/div>\n\t\t\t\t\t\t<\/div>\n\t\t\t\t\t<\/div>\n\t\t<\/div>\n\t\t\t\t\t\t\t\t<\/div>\n\t\t\t\t\t<\/div>\n\t\t<\/section>\n\t\t\t\t<section class=\"elementor-section elementor-inner-section elementor-element elementor-element-3c5b2d48 elementor-section-boxed elementor-section-height-default elementor-section-height-default qodef-elementor-content-no\" data-id=\"3c5b2d48\" data-element_type=\"section\">\n\t\t\t\t\t\t<div class=\"elementor-container elementor-column-gap-default\">\n\t\t\t\t\t\t\t<div class=\"elementor-row\">\n\t\t\t\t\t<div class=\"elementor-column elementor-col-100 elementor-inner-column elementor-element elementor-element-3ba0bc35\" data-id=\"3ba0bc35\" data-element_type=\"column\">\n\t\t\t<div class=\"elementor-column-wrap elementor-element-populated\">\n\t\t\t\t\t\t\t<div class=\"elementor-widget-wrap\">\n\t\t\t\t\t\t<div class=\"elementor-element elementor-element-65d78ad0 elementor-invisible elementor-widget elementor-widget-text-editor\" data-id=\"65d78ad0\" data-element_type=\"widget\" data-settings=\"{&quot;_animation&quot;:&quot;fadeIn&quot;}\" data-widget_type=\"text-editor.default\">\n\t\t\t\t<div class=\"elementor-widget-container\">\n\t\t\t\t\t\t\t\t<div class=\"elementor-text-editor elementor-clearfix\">\n\t\t\t\t<p>Nos alegramos mucho de tenerte como miembro de Body Training Studio y estamos encantados de formar parte de tu viaje de fitness.<\/p>\n<p>Tambi\u00e9n nos gustar\u00eda recordarte algunas informaciones pr\u00e1cticas.<\/p>\n\t\t\t\t\t<\/div>\n\t\t\t\t\t\t<\/div>\n\t\t\t\t<\/div>\n\t\t\t\t<div class=\"elementor-element elementor-element-2fe9806 elementor-widget elementor-widget-heading\" data-id=\"2fe9806\" data-element_type=\"widget\" data-widget_type=\"heading.default\">\n\t\t\t\t<div class=\"elementor-widget-container\">\n\t\t\t<h2 class=\"elementor-heading-title elementor-size-default\">Aplicaci\u00f3n de reservas<\/h2>\t\t<\/div>\n\t\t\t\t<\/div>\n\t\t\t\t<div class=\"elementor-element elementor-element-e070bbb elementor-invisible elementor-widget elementor-widget-text-editor\" data-id=\"e070bbb\" data-element_type=\"widget\" data-settings=\"{&quot;_animation&quot;:&quot;fadeIn&quot;}\" data-widget_type=\"text-editor.default\">\n\t\t\t\t<div class=\"elementor-widget-container\">\n\t\t\t\t\t\t\t\t<div class=\"elementor-text-editor elementor-clearfix\">\n\t\t\t\t<p>Para reservar sesiones, descarga y utiliza nuestra aplicaci\u00f3n &#8220;Body Training Studio&#8221; desde App Store o Google Play. \u00a1Crea una cuenta y reserva!<\/p>\n<p>Si tienes una suscripci\u00f3n ILIMITADA, reserva 12 o 6 sesiones EMS ILIMITADAS (dependiendo de la duraci\u00f3n de tu suscripci\u00f3n) en lugar de las sesiones EMS normales.<\/p>\n\t\t\t\t\t<\/div>\n\t\t\t\t\t\t<\/div>\n\t\t\t\t<\/div>\n\t\t\t\t<div class=\"elementor-element elementor-element-03af7f1 elementor-widget elementor-widget-heading\" data-id=\"03af7f1\" data-element_type=\"widget\" data-widget_type=\"heading.default\">\n\t\t\t\t<div class=\"elementor-widget-container\">\n\t\t\t<h2 class=\"elementor-heading-title elementor-size-default\">Pago<\/h2>\t\t<\/div>\n\t\t\t\t<\/div>\n\t\t\t\t<div class=\"elementor-element elementor-element-dd6aaac elementor-invisible elementor-widget elementor-widget-text-editor\" data-id=\"dd6aaac\" data-element_type=\"widget\" data-settings=\"{&quot;_animation&quot;:&quot;fadeIn&quot;}\" data-widget_type=\"text-editor.default\">\n\t\t\t\t<div class=\"elementor-widget-container\">\n\t\t\t\t\t\t\t\t<div class=\"elementor-text-editor elementor-clearfix\">\n\t\t\t\t<p>Si alguno de sus pagos mensuales con tarjeta de cr\u00e9dito o domiciliaci\u00f3n bancaria falla, se le informar\u00e1 por correo electr\u00f3nico, a\u00fan puede pagar tan pronto como sea posible en el estudio por bancontact, en efectivo o por transferencia bancaria a BE19 0019 4455 0512.<\/p>\n<p>Si su tarjeta caduca, facilite su nuevo n\u00famero de tarjeta lo antes posible.<\/p>\n\t\t\t\t\t<\/div>\n\t\t\t\t\t\t<\/div>\n\t\t\t\t<\/div>\n\t\t\t\t<div class=\"elementor-element elementor-element-41bd13e elementor-widget elementor-widget-heading\" data-id=\"41bd13e\" data-element_type=\"widget\" data-widget_type=\"heading.default\">\n\t\t\t\t<div class=\"elementor-widget-container\">\n\t\t\t<h2 class=\"elementor-heading-title elementor-size-default\">Facturaci\u00f3n<\/h2>\t\t<\/div>\n\t\t\t\t<\/div>\n\t\t\t\t<div class=\"elementor-element elementor-element-2f10d99 elementor-invisible elementor-widget elementor-widget-text-editor\" data-id=\"2f10d99\" data-element_type=\"widget\" data-settings=\"{&quot;_animation&quot;:&quot;fadeIn&quot;}\" data-widget_type=\"text-editor.default\">\n\t\t\t\t<div class=\"elementor-widget-container\">\n\t\t\t\t\t\t\t\t<div class=\"elementor-text-editor elementor-clearfix\">\n\t\t\t\t<p>Si desea recibir una factura por su suscripci\u00f3n, env\u00ede un correo electr\u00f3nico a accounting@bodytrainingstudio.be con los datos de su empresa (nombre, CIF, direcci\u00f3n). Especifique el plazo en el que desea recibir la factura.<\/p>\n\t\t\t\t\t<\/div>\n\t\t\t\t\t\t<\/div>\n\t\t\t\t<\/div>\n\t\t\t\t<div class=\"elementor-element elementor-element-9ad7f2d elementor-widget elementor-widget-heading\" data-id=\"9ad7f2d\" data-element_type=\"widget\" data-widget_type=\"heading.default\">\n\t\t\t\t<div class=\"elementor-widget-container\">\n\t\t\t<h2 class=\"elementor-heading-title elementor-size-default\">suspensi\u00f3n de la suscripci\u00f3n<\/h2>\t\t<\/div>\n\t\t\t\t<\/div>\n\t\t\t\t<div class=\"elementor-element elementor-element-3422b87 elementor-invisible elementor-widget elementor-widget-text-editor\" data-id=\"3422b87\" data-element_type=\"widget\" data-settings=\"{&quot;_animation&quot;:&quot;fadeIn&quot;}\" data-widget_type=\"text-editor.default\">\n\t\t\t\t<div class=\"elementor-widget-container\">\n\t\t\t\t\t\t\t\t<div class=\"elementor-text-editor elementor-clearfix\">\n\t\t\t\t<p>Si desea suspender su afiliaci\u00f3n, env\u00ede un correo electr\u00f3nico a suspensions@bodytrainingstudio.be indicando las fechas exactas de la suspensi\u00f3n y el motivo. Su solicitud de suspensi\u00f3n se tendr\u00e1 en cuenta a partir de la fecha en que env\u00ede el correo, no se tendr\u00e1n en cuenta las solicitudes verbales o textuales a los entrenadores. Tienes derecho a 6 semanas de suspensi\u00f3n al a\u00f1o.<\/p>\n<p>Para una suspensi\u00f3n por motivos m\u00e9dicos, necesitamos un certificado m\u00e9dico de un doctor que indique que no puedes hacer deporte y por qu\u00e9 no puedes hacerlo. Podemos suspender la afiliaci\u00f3n por motivos m\u00e9dicos durante un m\u00e1ximo de 3 meses, dependiendo de la duraci\u00f3n del certificado.<\/p>\n<p>Por favor, env\u00edanos el certificado lo antes posible despu\u00e9s de que te hayan informado de tu estado, no aceptamos certificados retrospectivos.<\/p>\n\t\t\t\t\t<\/div>\n\t\t\t\t\t\t<\/div>\n\t\t\t\t<\/div>\n\t\t\t\t<div class=\"elementor-element elementor-element-759b630 elementor-widget elementor-widget-heading\" data-id=\"759b630\" data-element_type=\"widget\" data-widget_type=\"heading.default\">\n\t\t\t\t<div class=\"elementor-widget-container\">\n\t\t\t<h2 class=\"elementor-heading-title elementor-size-default\">rescindir el contrato<\/h2>\t\t<\/div>\n\t\t\t\t<\/div>\n\t\t\t\t<div class=\"elementor-element elementor-element-6685aea elementor-invisible elementor-widget elementor-widget-text-editor\" data-id=\"6685aea\" data-element_type=\"widget\" data-settings=\"{&quot;_animation&quot;:&quot;fadeIn&quot;}\" data-widget_type=\"text-editor.default\">\n\t\t\t\t<div class=\"elementor-widget-container\">\n\t\t\t\t\t\t\t\t<div class=\"elementor-text-editor elementor-clearfix\">\n\t\t\t\t<p>Si desea rescindir su contrato<\/p>\n<p>En la fecha prevista de finalizaci\u00f3n de su suscripci\u00f3n: 6 o 12 meses despu\u00e9s del inicio de su suscripci\u00f3n (dependiendo de la duraci\u00f3n de su suscripci\u00f3n).<\/p>\n<p>Env\u00ede un correo electr\u00f3nico a info@bodytrainingstudio.be (que encontrar\u00e1 en su solicitud) al menos un mes antes de la fecha de finalizaci\u00f3n de su suscripci\u00f3n. Su solicitud de cancelaci\u00f3n se tendr\u00e1 en cuenta a partir de la fecha en que env\u00ede el correo electr\u00f3nico, las solicitudes verbales o textuales a los entrenadores no se tendr\u00e1n en cuenta.<\/p>\n<p>Antes de la fecha prevista de finalizaci\u00f3n de su abono: 6 \u00f3 12 meses despu\u00e9s del inicio de su abono (en funci\u00f3n de la duraci\u00f3n de su abono).<\/p>\n<p>Env\u00ede un correo electr\u00f3nico a info@bodytrainingstudio.be . Su solicitud de cancelaci\u00f3n se tendr\u00e1 en cuenta a partir de la fecha de env\u00edo del correo electr\u00f3nico, las solicitudes verbales o textuales a los entrenadores no se tendr\u00e1n en cuenta. Tendr\u00e1s que pagar (como se especifica en los t\u00e9rminos y condiciones de Body Training Studio) 3 meses de indemnizaci\u00f3n (igual al precio de tu suscripci\u00f3n) + 75\u20ac de gastos de administraci\u00f3n.<\/p>\n<p>Puedes encontrar nuestros t\u00e9rminos y condiciones m\u00e1s abajo:<\/p>\n<p>T\u00e9rminos y condiciones de uso<\/p>\n<p>Gracias por confiar en Body Training Studio como tu compa\u00f1ero de entrenamiento y \u00a1alcancemos juntos tus objetivos!<\/p>\n\t\t\t\t\t<\/div>\n\t\t\t\t\t\t<\/div>\n\t\t\t\t<\/div>\n\t\t\t\t\t\t<\/div>\n\t\t\t\t\t<\/div>\n\t\t<\/div>\n\t\t\t\t\t\t\t\t<\/div>\n\t\t\t\t\t<\/div>\n\t\t<\/section>\n\t\t\t\t\t\t<\/div>\n\t\t\t\t\t<\/div>\n\t\t<\/div>\n\t\t\t\t\t\t\t\t<\/div>\n\t\t\t\t\t<\/div>\n\t\t<\/section>\n\t\t\t\t\t\t\t\t\t<\/div>\n\t\t\t<\/div>\n\t\t\t\t\t<\/div>\n\t\t","protected":false},"excerpt":{"rendered":"<p>Informaci\u00f3n pr\u00e1ctica Estimados clientes, Nos alegramos mucho de tenerte como miembro de Body Training Studio y estamos encantados de formar parte de tu viaje de fitness. Tambi\u00e9n nos gustar\u00eda recordarte algunas informaciones pr\u00e1cticas. Aplicaci\u00f3n de reservas Para reservar sesiones, descarga y utiliza nuestra aplicaci\u00f3n &#8220;Body Training Studio&#8221; desde App Store o Google Play. \u00a1Crea una [&hellip;]<\/p>\n","protected":false},"author":1,"featured_media":0,"parent":0,"menu_order":0,"comment_status":"closed","ping_status":"closed","template":"","meta":[],"yoast_head":"<!-- This site is optimized with the Yoast SEO plugin v20.2 - https:\/\/yoast.com\/wordpress\/plugins\/seo\/ -->\n<title>Informaci\u00f3n al cliente - Body Training Studio<\/title>\n<meta name=\"robots\" content=\"noindex, follow, max-snippet:-1, max-image-preview:large, max-video-preview:-1\" \/>\n<meta property=\"og:locale\" content=\"es_ES\" \/>\n<meta property=\"og:type\" content=\"article\" \/>\n<meta property=\"og:title\" content=\"Informaci\u00f3n al cliente - Body Training Studio\" \/>\n<meta property=\"og:description\" content=\"Informaci\u00f3n pr\u00e1ctica Estimados clientes, Nos alegramos mucho de tenerte como miembro de Body Training Studio y estamos encantados de formar parte de tu viaje de fitness. Tambi\u00e9n nos gustar\u00eda recordarte algunas informaciones pr\u00e1cticas. Aplicaci\u00f3n de reservas Para reservar sesiones, descarga y utiliza nuestra aplicaci\u00f3n &#8220;Body Training Studio&#8221; desde App Store o Google Play. \u00a1Crea una [&hellip;]\" \/>\n<meta property=\"og:url\" content=\"https:\/\/dev.bodytrainingstudio.be\/es\/informacion-al-cliente\/\" \/>\n<meta property=\"og:site_name\" content=\"Body Training Studio\" \/>\n<meta property=\"article:publisher\" content=\"https:\/\/www.facebook.com\/bodytrainingstudio.be\/\" \/>\n<meta property=\"article:modified_time\" content=\"2023-02-24T13:56:29+00:00\" \/>\n<meta name=\"twitter:card\" content=\"summary_large_image\" \/>\n<meta name=\"twitter:label1\" content=\"Tiempo de lectura\" \/>\n\t<meta name=\"twitter:data1\" content=\"3 minutos\" \/>\n<script type=\"application\/ld+json\" class=\"yoast-schema-graph\">{\"@context\":\"https:\/\/schema.org\",\"@graph\":[{\"@type\":\"WebPage\",\"@id\":\"https:\/\/dev.bodytrainingstudio.be\/es\/informacion-al-cliente\/\",\"url\":\"https:\/\/dev.bodytrainingstudio.be\/es\/informacion-al-cliente\/\",\"name\":\"Informaci\u00f3n al cliente - Body Training Studio\",\"isPartOf\":{\"@id\":\"https:\/\/dev.bodytrainingstudio.be\/es\/#website\"},\"datePublished\":\"2023-02-07T13:04:06+00:00\",\"dateModified\":\"2023-02-24T13:56:29+00:00\",\"breadcrumb\":{\"@id\":\"https:\/\/dev.bodytrainingstudio.be\/es\/informacion-al-cliente\/#breadcrumb\"},\"inLanguage\":\"es\",\"potentialAction\":[{\"@type\":\"ReadAction\",\"target\":[\"https:\/\/dev.bodytrainingstudio.be\/es\/informacion-al-cliente\/\"]}]},{\"@type\":\"BreadcrumbList\",\"@id\":\"https:\/\/dev.bodytrainingstudio.be\/es\/informacion-al-cliente\/#breadcrumb\",\"itemListElement\":[{\"@type\":\"ListItem\",\"position\":1,\"name\":\"Accueil\",\"item\":\"https:\/\/dev.bodytrainingstudio.be\/es\/\"},{\"@type\":\"ListItem\",\"position\":2,\"name\":\"Informaci\u00f3n al cliente\"}]},{\"@type\":\"WebSite\",\"@id\":\"https:\/\/dev.bodytrainingstudio.be\/es\/#website\",\"url\":\"https:\/\/dev.bodytrainingstudio.be\/es\/\",\"name\":\"Body Training Studio\",\"description\":\"EXPERT EMS\",\"publisher\":{\"@id\":\"https:\/\/dev.bodytrainingstudio.be\/es\/#organization\"},\"potentialAction\":[{\"@type\":\"SearchAction\",\"target\":{\"@type\":\"EntryPoint\",\"urlTemplate\":\"https:\/\/dev.bodytrainingstudio.be\/es\/?s={search_term_string}\"},\"query-input\":\"required name=search_term_string\"}],\"inLanguage\":\"es\"},{\"@type\":\"Organization\",\"@id\":\"https:\/\/dev.bodytrainingstudio.be\/es\/#organization\",\"name\":\"Body Training Studio\",\"url\":\"https:\/\/dev.bodytrainingstudio.be\/es\/\",\"logo\":{\"@type\":\"ImageObject\",\"inLanguage\":\"es\",\"@id\":\"https:\/\/dev.bodytrainingstudio.be\/es\/#\/schema\/logo\/image\/\",\"url\":\"https:\/\/dev.bodytrainingstudio.be\/wp-content\/uploads\/2023\/01\/cropped-LOGO-BLANC-BODYTRAININGSTUDIO-e1673262636992.png\",\"contentUrl\":\"https:\/\/dev.bodytrainingstudio.be\/wp-content\/uploads\/2023\/01\/cropped-LOGO-BLANC-BODYTRAININGSTUDIO-e1673262636992.png\",\"width\":1319,\"height\":336,\"caption\":\"Body Training Studio\"},\"image\":{\"@id\":\"https:\/\/dev.bodytrainingstudio.be\/es\/#\/schema\/logo\/image\/\"},\"sameAs\":[\"https:\/\/www.facebook.com\/bodytrainingstudio.be\/\"]}]}<\/script>\n<!-- \/ Yoast SEO plugin. -->","yoast_head_json":{"title":"Informaci\u00f3n al cliente - Body Training Studio","robots":{"index":"noindex","follow":"follow","max-snippet":"max-snippet:-1","max-image-preview":"max-image-preview:large","max-video-preview":"max-video-preview:-1"},"og_locale":"es_ES","og_type":"article","og_title":"Informaci\u00f3n al cliente - Body Training Studio","og_description":"Informaci\u00f3n pr\u00e1ctica Estimados clientes, Nos alegramos mucho de tenerte como miembro de Body Training Studio y estamos encantados de formar parte de tu viaje de fitness. Tambi\u00e9n nos gustar\u00eda recordarte algunas informaciones pr\u00e1cticas. Aplicaci\u00f3n de reservas Para reservar sesiones, descarga y utiliza nuestra aplicaci\u00f3n &#8220;Body Training Studio&#8221; desde App Store o Google Play. \u00a1Crea una [&hellip;]","og_url":"https:\/\/dev.bodytrainingstudio.be\/es\/informacion-al-cliente\/","og_site_name":"Body Training Studio","article_publisher":"https:\/\/www.facebook.com\/bodytrainingstudio.be\/","article_modified_time":"2023-02-24T13:56:29+00:00","twitter_card":"summary_large_image","twitter_misc":{"Tiempo de lectura":"3 minutos"},"schema":{"@context":"https:\/\/schema.org","@graph":[{"@type":"WebPage","@id":"https:\/\/dev.bodytrainingstudio.be\/es\/informacion-al-cliente\/","url":"https:\/\/dev.bodytrainingstudio.be\/es\/informacion-al-cliente\/","name":"Informaci\u00f3n al cliente - Body Training Studio","isPartOf":{"@id":"https:\/\/dev.bodytrainingstudio.be\/es\/#website"},"datePublished":"2023-02-07T13:04:06+00:00","dateModified":"2023-02-24T13:56:29+00:00","breadcrumb":{"@id":"https:\/\/dev.bodytrainingstudio.be\/es\/informacion-al-cliente\/#breadcrumb"},"inLanguage":"es","potentialAction":[{"@type":"ReadAction","target":["https:\/\/dev.bodytrainingstudio.be\/es\/informacion-al-cliente\/"]}]},{"@type":"BreadcrumbList","@id":"https:\/\/dev.bodytrainingstudio.be\/es\/informacion-al-cliente\/#breadcrumb","itemListElement":[{"@type":"ListItem","position":1,"name":"Accueil","item":"https:\/\/dev.bodytrainingstudio.be\/es\/"},{"@type":"ListItem","position":2,"name":"Informaci\u00f3n al cliente"}]},{"@type":"WebSite","@id":"https:\/\/dev.bodytrainingstudio.be\/es\/#website","url":"https:\/\/dev.bodytrainingstudio.be\/es\/","name":"Body Training Studio","description":"EXPERT EMS","publisher":{"@id":"https:\/\/dev.bodytrainingstudio.be\/es\/#organization"},"potentialAction":[{"@type":"SearchAction","target":{"@type":"EntryPoint","urlTemplate":"https:\/\/dev.bodytrainingstudio.be\/es\/?s={search_term_string}"},"query-input":"required name=search_term_string"}],"inLanguage":"es"},{"@type":"Organization","@id":"https:\/\/dev.bodytrainingstudio.be\/es\/#organization","name":"Body Training Studio","url":"https:\/\/dev.bodytrainingstudio.be\/es\/","logo":{"@type":"ImageObject","inLanguage":"es","@id":"https:\/\/dev.bodytrainingstudio.be\/es\/#\/schema\/logo\/image\/","url":"https:\/\/dev.bodytrainingstudio.be\/wp-content\/uploads\/2023\/01\/cropped-LOGO-BLANC-BODYTRAININGSTUDIO-e1673262636992.png","contentUrl":"https:\/\/dev.bodytrainingstudio.be\/wp-content\/uploads\/2023\/01\/cropped-LOGO-BLANC-BODYTRAININGSTUDIO-e1673262636992.png","width":1319,"height":336,"caption":"Body Training Studio"},"image":{"@id":"https:\/\/dev.bodytrainingstudio.be\/es\/#\/schema\/logo\/image\/"},"sameAs":["https:\/\/www.facebook.com\/bodytrainingstudio.be\/"]}]}},"_links":{"self":[{"href":"https:\/\/dev.bodytrainingstudio.be\/es\/wp-json\/wp\/v2\/pages\/15042"}],"collection":[{"href":"https:\/\/dev.bodytrainingstudio.be\/es\/wp-json\/wp\/v2\/pages"}],"about":[{"href":"https:\/\/dev.bodytrainingstudio.be\/es\/wp-json\/wp\/v2\/types\/page"}],"author":[{"embeddable":true,"href":"https:\/\/dev.bodytrainingstudio.be\/es\/wp-json\/wp\/v2\/users\/1"}],"replies":[{"embeddable":true,"href":"https:\/\/dev.bodytrainingstudio.be\/es\/wp-json\/wp\/v2\/comments?post=15042"}],"version-history":[{"count":1,"href":"https:\/\/dev.bodytrainingstudio.be\/es\/wp-json\/wp\/v2\/pages\/15042\/revisions"}],"predecessor-version":[{"id":15043,"href":"https:\/\/dev.bodytrainingstudio.be\/es\/wp-json\/wp\/v2\/pages\/15042\/revisions\/15043"}],"wp:attachment":[{"href":"https:\/\/dev.bodytrainingstudio.be\/es\/wp-json\/wp\/v2\/media?parent=15042"}],"curies":[{"name":"wp","href":"https:\/\/api.w.org\/{rel}","templated":true}]}}