{"id":15103,"date":"2023-02-07T11:00:06","date_gmt":"2023-02-07T11:00:06","guid":{"rendered":"https:\/\/dev.bodytrainingstudio.be\/condiciones-generales-de-venta\/"},"modified":"2023-02-27T13:43:20","modified_gmt":"2023-02-27T13:43:20","slug":"condiciones-generales-de-venta","status":"publish","type":"page","link":"https:\/\/dev.bodytrainingstudio.be\/es\/condiciones-generales-de-venta\/","title":{"rendered":"Condiciones generales de venta"},"content":{"rendered":"\t\t<div data-elementor-type=\"wp-page\" data-elementor-id=\"15103\" class=\"elementor elementor-15103 elementor-12654\">\n\t\t\t\t\t\t<div class=\"elementor-inner\">\n\t\t\t\t<div class=\"elementor-section-wrap\">\n\t\t\t\t\t\t\t<div class=\"elementor-element elementor-element-15aa5fe e-con-boxed e-con\" data-id=\"15aa5fe\" data-element_type=\"container\" data-settings=\"{&quot;content_width&quot;:&quot;boxed&quot;}\">\n\t\t\t\t\t<div class=\"e-con-inner\">\n\t\t\t\t<div class=\"elementor-element elementor-element-03412aa elementor-widget elementor-widget-spacer\" data-id=\"03412aa\" data-element_type=\"widget\" data-widget_type=\"spacer.default\">\n\t\t\t\t<div class=\"elementor-widget-container\">\n\t\t\t\t\t<div class=\"elementor-spacer\">\n\t\t\t<div class=\"elementor-spacer-inner\"><\/div>\n\t\t<\/div>\n\t\t\t\t<\/div>\n\t\t\t\t<\/div>\n\t\t\t\t<div class=\"elementor-element elementor-element-3077d3a elementor-widget elementor-widget-heading\" data-id=\"3077d3a\" data-element_type=\"widget\" data-widget_type=\"heading.default\">\n\t\t\t\t<div class=\"elementor-widget-container\">\n\t\t\t<h2 class=\"elementor-heading-title elementor-size-default\">Condiciones generales de venta<\/h2>\t\t<\/div>\n\t\t\t\t<\/div>\n\t\t\t\t<div class=\"elementor-element elementor-element-38d816c elementor-widget elementor-widget-spacer\" data-id=\"38d816c\" data-element_type=\"widget\" data-widget_type=\"spacer.default\">\n\t\t\t\t<div class=\"elementor-widget-container\">\n\t\t\t\t\t<div class=\"elementor-spacer\">\n\t\t\t<div class=\"elementor-spacer-inner\"><\/div>\n\t\t<\/div>\n\t\t\t\t<\/div>\n\t\t\t\t<\/div>\n\t\t\t\t<div class=\"elementor-element elementor-element-e0aa39a elementor-widget elementor-widget-heading\" data-id=\"e0aa39a\" data-element_type=\"widget\" data-widget_type=\"heading.default\">\n\t\t\t\t<div class=\"elementor-widget-container\">\n\t\t\t<h2 class=\"elementor-heading-title elementor-size-default\">Condiciones generales de venta<\/h2>\t\t<\/div>\n\t\t\t\t<\/div>\n\t\t\t\t<div class=\"elementor-element elementor-element-8fa25a9 elementor-widget elementor-widget-text-editor\" data-id=\"8fa25a9\" data-element_type=\"widget\" data-widget_type=\"text-editor.default\">\n\t\t\t\t<div class=\"elementor-widget-container\">\n\t\t\t\t\t\t\t\t<div class=\"elementor-text-editor elementor-clearfix\">\n\t\t\t\t<p>1. Todas las compras realizadas en Body Training Studio son definitivas. Body Training Studio no ofrece reembolsos por servicios o productos en caso de cambio de opini\u00f3n, lesi\u00f3n, enfermedad, cambio de direcci\u00f3n o cualquier otra raz\u00f3n.<br \/>\n2. Las tarifas pueden aumentar de vez en cuando para reflejar el aumento de los costes y beneficios. Los aumentos de tarifas se aplican s\u00f3lo a los nuevos contratos y suscripciones.<br \/>\n3. Si la compra de paquetes requiere el pago a plazos, el solicitante acepta que dichos pagos se realicen mediante tarjeta de cr\u00e9dito o d\u00e9bito en las fechas especificadas en el contrato de servicios.<br \/>\n4. Todos los abonos (pases ilimitados, citas, pases de clase y contratos) son personales e intransferibles.<br \/>\n5. 5. Las afiliaciones individuales (pases ilimitados, citas, pases de clase y contratos) no pueden compartirse. Cualquiera que sea sorprendido compartiendo una membres\u00eda se le negar\u00e1 la entrada y perder\u00e1 su membres\u00eda de forma permanente.<br \/>\n6. Es responsabilidad del socio pagar cualquier asistencia no abonada a una clase, taller u otro evento de Body Training Studio. Body Training Studio se reserva el derecho de suspender la afiliaci\u00f3n del socio hasta que se salden las entradas impagadas.<br \/>\n7. Es responsabilidad del socio pagar cualquier saldo negativo en su cuenta en Body Training Studio. Body Training Studio se reserva el derecho de suspender la membres\u00eda del miembro hasta que se liquide el saldo negativo en su cuenta de Body Training Studio.<br \/>\n8. Las tarjetas regalo pueden ser canjeadas por clases, membres\u00edas o productos. No son canjeables por dinero en efectivo.<br \/>\n9. Para registrarse o comprar en el sistema de reservas online de Body Training Studio y para asistir a las clases regulares, debe ser mayor de dieciocho (18) a\u00f1os.<br \/>\n10. 10. Debes asegurarte de que la informaci\u00f3n que proporcionas al registrarte o en cualquier momento es correcta y completa.<\/p>\n\t\t\t\t\t<\/div>\n\t\t\t\t\t\t<\/div>\n\t\t\t\t<\/div>\n\t\t\t\t<div class=\"elementor-element elementor-element-8c70020 elementor-widget elementor-widget-heading\" data-id=\"8c70020\" data-element_type=\"widget\" data-widget_type=\"heading.default\">\n\t\t\t\t<div class=\"elementor-widget-container\">\n\t\t\t<h2 class=\"elementor-heading-title elementor-size-default\">Afiliaciones, citas y pases de clase ilimitados<\/h2>\t\t<\/div>\n\t\t\t\t<\/div>\n\t\t\t\t<div class=\"elementor-element elementor-element-8e609fd elementor-widget elementor-widget-text-editor\" data-id=\"8e609fd\" data-element_type=\"widget\" data-widget_type=\"text-editor.default\">\n\t\t\t\t<div class=\"elementor-widget-container\">\n\t\t\t\t\t\t\t\t<div class=\"elementor-text-editor elementor-clearfix\">\n\t\t\t\t<p>1. Los Pases y Citas Ilimitados son afiliaciones ilimitadas que se pueden adquirir en un solo pago.<br \/>\n2. Los Pases de Clase &#8220;Rendezvous&#8221; consisten en pases de 10 clases o 40 clases y pases.<\/p>\n<p>3. Cualquier pase ilimitado (excepto las preventas, que s\u00f3lo dan acceso a un nuevo estudio) te da acceso a clases ilimitadas &amp; Rendezvous en todos nuestros estudios, pero excluye talleres u otros eventos especiales.<br \/>\n4. Los pases de 10 clases, 40 clases y los pases sin cita previa dan acceso a clases y citas en todos nuestros estudios, pero excluyen talleres y otros eventos especiales.<\/p>\n<p>5. La fecha de activaci\u00f3n de tu pase es la fecha de la primera clase reservada y no cancelada, aunque no est\u00e9s presente.<br \/>\n6. El pase 10 Class &amp; Rendezvous caduca a los 12 meses de su activaci\u00f3n. No se efectuar\u00e1n reembolsos en caso de enfermedad, lesi\u00f3n, cambio de domicilio o cualquier otro motivo.<\/p>\n<p>1.2 Contratos<br \/>\nLos contratos se celebran por un periodo de 6 \u00f3 12 meses a partir de la fecha de suscripci\u00f3n, pagada mediante domiciliaci\u00f3n bancaria. La suscripci\u00f3n se renovar\u00e1 t\u00e1citamente sin previo aviso de un m\u00ednimo de 30 d\u00edas por correo postal o electr\u00f3nico: ( suspensions@bodytrainingstudio.be ) \u00fanicamente.<\/p>\n<p>2. la fecha de activaci\u00f3n del contrato es la fecha de compra del contrato (a menos que solicite expresamente otra fecha antes de que se procese la compra)<\/p>\n<p>3. Todos los contratos te dan acceso a clases y citas bajo los t\u00e9rminos del contrato en todos nuestros estudios, pero excluyen talleres u otros eventos especiales.<\/p>\n<p>4. Es su responsabilidad asegurarse de que dispone de fondos suficientes para cubrir el pago. Si un pago es rechazado por falta de fondos, la transacci\u00f3n fracasar\u00e1. En caso de pago rechazado o denegado, nuestra pol\u00edtica es volver a procesar el pago en los siguientes pasos: a. la tarjeta original ser\u00e1 reprocesada si falla, cualquier otra tarjeta registrada bajo la cuenta del miembro ser\u00e1 procesada.<\/p>\n<p>En su caso, se cargar\u00e1 una tasa administrativa al importe adeudado.<\/p>\n<p>5. 5. En caso de impago, se suspender\u00e1 la reserva. 6. Body Training Studio no se hace responsable de los gastos bancarios adicionales que pueda tener su banco. Los gastos bancarios se rigen por los t\u00e9rminos y condiciones de los acuerdos contractuales entre usted y su banco.<\/p>\n<p>6. En caso de rescisi\u00f3n anticipada de un contrato, el miembro deber\u00e1 notificarlo a Body Training Studio con un m\u00ednimo de 30 d\u00edas de antelaci\u00f3n \u00fanicamente por correo postal o electr\u00f3nico (suspensions@bodytrainingstudio.be ) y deber\u00e1 abonar una tasa de rescisi\u00f3n anticipada equivalente a tres veces el importe de dicho contrato. Asimismo, el miembro deber\u00e1 abonar una tarifa fija de 75\u20ac en concepto de gastos administrativos.<\/p>\n\t\t\t\t\t<\/div>\n\t\t\t\t\t\t<\/div>\n\t\t\t\t<\/div>\n\t\t\t\t<div class=\"elementor-element elementor-element-f3c0342 elementor-widget elementor-widget-heading\" data-id=\"f3c0342\" data-element_type=\"widget\" data-widget_type=\"heading.default\">\n\t\t\t\t<div class=\"elementor-widget-container\">\n\t\t\t<h2 class=\"elementor-heading-title elementor-size-default\">Pol\u00edtica de reservas<\/h2>\t\t<\/div>\n\t\t\t\t<\/div>\n\t\t\t\t<div class=\"elementor-element elementor-element-7db5bfc elementor-widget elementor-widget-text-editor\" data-id=\"7db5bfc\" data-element_type=\"widget\" data-widget_type=\"text-editor.default\">\n\t\t\t\t<div class=\"elementor-widget-container\">\n\t\t\t\t\t\t\t\t<div class=\"elementor-text-editor elementor-clearfix\">\n\t\t\t\t<p>1. El pago de todos los cursos y citas debe recibirse antes de la fecha programada del curso para asegurar su plaza.<br \/>\n2. 2. Los cursos y las citas deben reservarse con antelaci\u00f3n. Los cursos y las citas pueden reservarse en l\u00ednea.<\/p>\n<p>Se le notificar\u00e1 por correo electr\u00f3nico una vez confirmada su inscripci\u00f3n. A\u00f1adir al calendario&#8221; no le permite reservar ya que las listas est\u00e1n llenas y no est\u00e1n disponibles en este momento. Vuelva a intentarlo m\u00e1s tarde.<\/p>\n\t\t\t\t\t<\/div>\n\t\t\t\t\t\t<\/div>\n\t\t\t\t<\/div>\n\t\t\t\t<div class=\"elementor-element elementor-element-be62fe6 elementor-widget elementor-widget-heading\" data-id=\"be62fe6\" data-element_type=\"widget\" data-widget_type=\"heading.default\">\n\t\t\t\t<div class=\"elementor-widget-container\">\n\t\t\t<h2 class=\"elementor-heading-title elementor-size-default\">Pol\u00edtica de anulaci\u00f3n<\/h2>\t\t<\/div>\n\t\t\t\t<\/div>\n\t\t\t\t<div class=\"elementor-element elementor-element-d8fce84 elementor-widget elementor-widget-text-editor\" data-id=\"d8fce84\" data-element_type=\"widget\" data-widget_type=\"text-editor.default\">\n\t\t\t\t<div class=\"elementor-widget-container\">\n\t\t\t\t\t\t\t\t<div class=\"elementor-text-editor elementor-clearfix\">\n\t\t\t\t<p>1. En caso de no poder asistir a las clases y citas programadas, le rogamos que anule su plaza para ponerla a disposici\u00f3n de otras personas.<br \/>\n2. Las cancelaciones deben hacerse a trav\u00e9s del sistema de reservas en l\u00ednea o la aplicaci\u00f3n m\u00f3vil a m\u00e1s tardar 4 horas antes de un curso y cita.<\/p>\n<p>3. No se aceptar\u00e1n cancelaciones por tel\u00e9fono o correo electr\u00f3nico.<br \/>\n4. El estado de la cuenta de Body Training Studio mostrar\u00e1 una cancelaci\u00f3n tard\u00eda si no te presentas o cancelas demasiado tarde.<\/p>\n\t\t\t\t\t<\/div>\n\t\t\t\t\t\t<\/div>\n\t\t\t\t<\/div>\n\t\t\t\t<div class=\"elementor-element elementor-element-24f38ed elementor-widget elementor-widget-heading\" data-id=\"24f38ed\" data-element_type=\"widget\" data-widget_type=\"heading.default\">\n\t\t\t\t<div class=\"elementor-widget-container\">\n\t\t\t<h2 class=\"elementor-heading-title elementor-size-default\">Normas del estudio<\/h2>\t\t<\/div>\n\t\t\t\t<\/div>\n\t\t\t\t<div class=\"elementor-element elementor-element-d156682 elementor-widget elementor-widget-text-editor\" data-id=\"d156682\" data-element_type=\"widget\" data-widget_type=\"text-editor.default\">\n\t\t\t\t<div class=\"elementor-widget-container\">\n\t\t\t\t\t\t\t\t<div class=\"elementor-text-editor elementor-clearfix\">\n\t\t\t\t<p>1. Se hace todo lo posible por ofrecer los cursos y servicios dentro del horario anunciado. Sin embargo, el horario puede ser cambiado o cancelado sin previo aviso. Body Training Studio no reembolsar\u00e1, transferir\u00e1 o compensar\u00e1 de ninguna manera las clases que se retrasen, cambien o cancelen por cualquier motivo.<\/p>\n\t\t\t\t\t<\/div>\n\t\t\t\t\t\t<\/div>\n\t\t\t\t<\/div>\n\t\t\t\t<div class=\"elementor-element elementor-element-cbb9c83 elementor-widget elementor-widget-heading\" data-id=\"cbb9c83\" data-element_type=\"widget\" data-widget_type=\"heading.default\">\n\t\t\t\t<div class=\"elementor-widget-container\">\n\t\t\t<h2 class=\"elementor-heading-title elementor-size-default\">Pol\u00edtica de suspensi\u00f3n<\/h2>\t\t<\/div>\n\t\t\t\t<\/div>\n\t\t\t\t<div class=\"elementor-element elementor-element-6ac7766 elementor-widget elementor-widget-heading\" data-id=\"6ac7766\" data-element_type=\"widget\" data-widget_type=\"heading.default\">\n\t\t\t\t<div class=\"elementor-widget-container\">\n\t\t\t<h2 class=\"elementor-heading-title elementor-size-default\">Todos los miembros tienen derecho a suspender su afiliaci\u00f3n en las siguientes condiciones.<\/h2>\t\t<\/div>\n\t\t\t\t<\/div>\n\t\t\t\t<div class=\"elementor-element elementor-element-4d1a6bc elementor-widget elementor-widget-text-editor\" data-id=\"4d1a6bc\" data-element_type=\"widget\" data-widget_type=\"text-editor.default\">\n\t\t\t\t<div class=\"elementor-widget-container\">\n\t\t\t\t\t\t\t\t<div class=\"elementor-text-editor elementor-clearfix\">\n\t\t\t\t<p>1. La suspensi\u00f3n podr\u00e1 solicitarse una vez por a\u00f1o contractual.<br \/>\n2. 2. La suspensi\u00f3n puede solicitarse por cualquier motivo. Las cancelaciones\/suspensiones por motivos m\u00e9dicos est\u00e1n cubiertas por esta pol\u00edtica.<br \/>\n3. La suspensi\u00f3n tiene una duraci\u00f3n m\u00ednima de 1 semana y m\u00e1xima de 6 semanas. Las suspensiones por motivos m\u00e9dicos pueden solicitarse por un m\u00e1ximo de 3 meses con una nota del m\u00e9dico.<br \/>\n4. La solicitud de suspensi\u00f3n debe indicar una fecha de inicio y de finalizaci\u00f3n.<br \/>\n5. 5. Podemos aplicar una tasa administrativa por suspensi\u00f3n.<br \/>\n4 Las solicitudes de suspensi\u00f3n deben enviarse a suspensions@bodytrainingstudio.be con 7 d\u00edas de antelaci\u00f3n al inicio de la suspensi\u00f3n. En el caso de las suspensiones por motivos m\u00e9dicos, la solicitud de suspensi\u00f3n deber\u00e1 presentarse a m\u00e1s tardar 14 d\u00edas despu\u00e9s de la fecha de inicio de la suspensi\u00f3n.<\/p>\n\t\t\t\t\t<\/div>\n\t\t\t\t\t\t<\/div>\n\t\t\t\t<\/div>\n\t\t\t\t<div class=\"elementor-element elementor-element-8b84746 elementor-widget elementor-widget-heading\" data-id=\"8b84746\" data-element_type=\"widget\" data-widget_type=\"heading.default\">\n\t\t\t\t<div class=\"elementor-widget-container\">\n\t\t\t<h2 class=\"elementor-heading-title elementor-size-default\">Pol\u00edtica de informaci\u00f3n, privacidad y seguridad<\/h2>\t\t<\/div>\n\t\t\t\t<\/div>\n\t\t\t\t<div class=\"elementor-element elementor-element-760d2b1 elementor-widget elementor-widget-text-editor\" data-id=\"760d2b1\" data-element_type=\"widget\" data-widget_type=\"text-editor.default\">\n\t\t\t\t<div class=\"elementor-widget-container\">\n\t\t\t\t\t\t\t\t<div class=\"elementor-text-editor elementor-clearfix\">\n\t\t\t\t<p>1. La informaci\u00f3n publicada en este sitio web se facilita para uso de sus visitantes y se le informa de que, aunque se ha procurado garantizar la exactitud t\u00e9cnica y factual, pueden producirse algunos errores. No se ofrece ninguna garant\u00eda en cuanto a la exactitud o integridad de la informaci\u00f3n contenida en estas p\u00e1ginas.<\/p>\n<p>2. Tenga en cuenta que Body Training Studio puede modificar la informaci\u00f3n de su sitio web de vez en cuando.<br \/>\n3. El Body Training Studio no se responsabiliza del uso que terceros hagan de la informaci\u00f3n contenida en este sitio web.<\/p>\n<p>4. 4. The Body Training Studio no garantiza que el sitio web, sus contenidos o hiperv\u00ednculos est\u00e9n libres de virus o contaminaci\u00f3n. Se recomienda que realice sus propias comprobaciones de virus y tome sus propias precauciones al respecto. The Body Training Studio no acepta ninguna responsabilidad por cualquier contaminaci\u00f3n o da\u00f1o causado por un virus o transmisi\u00f3n electr\u00f3nica.<\/p>\n<p>5. Compromiso con la seguridad de los datos.<br \/>\n6. Su informaci\u00f3n de identificaci\u00f3n personal se mantiene segura.<br \/>\n7. S\u00f3lo los empleados, agentes y contratistas autorizados (que han aceptado mantener la informaci\u00f3n segura y confidencial) tienen acceso a esta informaci\u00f3n.<br \/>\n8. Todos los correos electr\u00f3nicos y boletines informativos de nuestros sitios le permiten darse de baja de futuros env\u00edos.<br \/>\n9. Body Training Studio nunca vender\u00e1, alquilar\u00e1, intercambiar\u00e1 o compartir\u00e1 su informaci\u00f3n personal con ninguna otra persona, empresa u organizaci\u00f3n.<\/p>\n\t\t\t\t\t<\/div>\n\t\t\t\t\t\t<\/div>\n\t\t\t\t<\/div>\n\t\t\t\t<div class=\"elementor-element elementor-element-dd5cdbf elementor-widget elementor-widget-text-editor\" data-id=\"dd5cdbf\" data-element_type=\"widget\" data-widget_type=\"text-editor.default\">\n\t\t\t\t<div class=\"elementor-widget-container\">\n\t\t\t\t\t\t\t\t<div class=\"elementor-text-editor elementor-clearfix\">\n\t\t\t\t<div id=\"main-content\">\n<article id=\"post-2440\" class=\"post-2440 page type-page status-publish hentry\">\n<div class=\"entry-content\">\n<div class=\"et-l et-l--post\">\n<div class=\"et_builder_inner_content et_pb_gutters3\">\n<div class=\"et_pb_section et_pb_section_1 et_section_regular\">\n<div class=\"et_pb_row et_pb_row_0\">\n<div class=\"et_pb_column et_pb_column_4_4 et_pb_column_0  et_pb_css_mix_blend_mode_passthrough et-last-child\">\n<div class=\"et_pb_module et_pb_text et_pb_text_0  et_pb_text_align_left et_pb_bg_layout_light\">\n<div class=\"et_pb_text_inner\">\n<p class=\"p1\">Politique de confidentialit\u00e9\u00a0<span class=\"s2\">\u00a9\u00a0<\/span>2020 MINDBODY Inc.<\/p>\n<\/div>\n<\/div>\n<\/div>\n<\/div>\n<\/div>\n<\/div>\n<\/div>\n<\/div>\n<\/article>\n<\/div>\n<footer class=\"et-l et-l--footer\">\n<div class=\"et_builder_inner_content et_pb_gutters3\">\n<div class=\"et_pb_section et_pb_section_0_tb_footer et_pb_with_background et_section_regular et_pb_section--with-menu\">\n<div class=\"et_pb_row et_pb_row_0_tb_footer et_pb_row--with-menu\">\u00a0<\/div>\n<\/div>\n<\/div>\n<\/footer>\n\t\t\t\t\t<\/div>\n\t\t\t\t\t\t<\/div>\n\t\t\t\t<\/div>\n\t\t\t\t\t<\/div>\n\t\t\t\t<\/div>\n\t\t\t\t\t\t\t\t\t<\/div>\n\t\t\t<\/div>\n\t\t\t\t\t<\/div>\n\t\t","protected":false},"excerpt":{"rendered":"<p>Condiciones generales de venta Condiciones generales de venta 1. Todas las compras realizadas en Body Training Studio son definitivas. Body Training Studio no ofrece reembolsos por servicios o productos en caso de cambio de opini\u00f3n, lesi\u00f3n, enfermedad, cambio de direcci\u00f3n o cualquier otra raz\u00f3n. 2. Las tarifas pueden aumentar de vez en cuando para reflejar [&hellip;]<\/p>\n","protected":false},"author":1,"featured_media":0,"parent":0,"menu_order":0,"comment_status":"closed","ping_status":"closed","template":"","meta":[],"yoast_head":"<!-- This site is optimized with the Yoast SEO plugin v20.2 - https:\/\/yoast.com\/wordpress\/plugins\/seo\/ -->\n<title>Condiciones generales de venta - Body Training Studio<\/title>\n<meta name=\"robots\" content=\"noindex, follow, max-snippet:-1, max-image-preview:large, max-video-preview:-1\" \/>\n<meta property=\"og:locale\" content=\"es_ES\" \/>\n<meta property=\"og:type\" content=\"article\" \/>\n<meta property=\"og:title\" content=\"Condiciones generales de venta - Body Training Studio\" \/>\n<meta property=\"og:description\" content=\"Condiciones generales de venta Condiciones generales de venta 1. Todas las compras realizadas en Body Training Studio son definitivas. Body Training Studio no ofrece reembolsos por servicios o productos en caso de cambio de opini\u00f3n, lesi\u00f3n, enfermedad, cambio de direcci\u00f3n o cualquier otra raz\u00f3n. 2. Las tarifas pueden aumentar de vez en cuando para reflejar [&hellip;]\" \/>\n<meta property=\"og:url\" content=\"https:\/\/dev.bodytrainingstudio.be\/es\/condiciones-generales-de-venta\/\" \/>\n<meta property=\"og:site_name\" content=\"Body Training Studio\" \/>\n<meta property=\"article:publisher\" content=\"https:\/\/www.facebook.com\/bodytrainingstudio.be\/\" \/>\n<meta property=\"article:modified_time\" content=\"2023-02-27T13:43:20+00:00\" \/>\n<meta name=\"twitter:card\" content=\"summary_large_image\" \/>\n<meta name=\"twitter:label1\" content=\"Tiempo de lectura\" \/>\n\t<meta name=\"twitter:data1\" content=\"7 minutos\" \/>\n<script type=\"application\/ld+json\" class=\"yoast-schema-graph\">{\"@context\":\"https:\/\/schema.org\",\"@graph\":[{\"@type\":\"WebPage\",\"@id\":\"https:\/\/dev.bodytrainingstudio.be\/es\/condiciones-generales-de-venta\/\",\"url\":\"https:\/\/dev.bodytrainingstudio.be\/es\/condiciones-generales-de-venta\/\",\"name\":\"Condiciones generales de venta - Body Training Studio\",\"isPartOf\":{\"@id\":\"https:\/\/dev.bodytrainingstudio.be\/es\/#website\"},\"datePublished\":\"2023-02-07T11:00:06+00:00\",\"dateModified\":\"2023-02-27T13:43:20+00:00\",\"breadcrumb\":{\"@id\":\"https:\/\/dev.bodytrainingstudio.be\/es\/condiciones-generales-de-venta\/#breadcrumb\"},\"inLanguage\":\"es\",\"potentialAction\":[{\"@type\":\"ReadAction\",\"target\":[\"https:\/\/dev.bodytrainingstudio.be\/es\/condiciones-generales-de-venta\/\"]}]},{\"@type\":\"BreadcrumbList\",\"@id\":\"https:\/\/dev.bodytrainingstudio.be\/es\/condiciones-generales-de-venta\/#breadcrumb\",\"itemListElement\":[{\"@type\":\"ListItem\",\"position\":1,\"name\":\"Accueil\",\"item\":\"https:\/\/dev.bodytrainingstudio.be\/es\/\"},{\"@type\":\"ListItem\",\"position\":2,\"name\":\"Condiciones generales de venta\"}]},{\"@type\":\"WebSite\",\"@id\":\"https:\/\/dev.bodytrainingstudio.be\/es\/#website\",\"url\":\"https:\/\/dev.bodytrainingstudio.be\/es\/\",\"name\":\"Body Training Studio\",\"description\":\"EXPERT EMS\",\"publisher\":{\"@id\":\"https:\/\/dev.bodytrainingstudio.be\/es\/#organization\"},\"potentialAction\":[{\"@type\":\"SearchAction\",\"target\":{\"@type\":\"EntryPoint\",\"urlTemplate\":\"https:\/\/dev.bodytrainingstudio.be\/es\/?s={search_term_string}\"},\"query-input\":\"required name=search_term_string\"}],\"inLanguage\":\"es\"},{\"@type\":\"Organization\",\"@id\":\"https:\/\/dev.bodytrainingstudio.be\/es\/#organization\",\"name\":\"Body Training Studio\",\"url\":\"https:\/\/dev.bodytrainingstudio.be\/es\/\",\"logo\":{\"@type\":\"ImageObject\",\"inLanguage\":\"es\",\"@id\":\"https:\/\/dev.bodytrainingstudio.be\/es\/#\/schema\/logo\/image\/\",\"url\":\"https:\/\/dev.bodytrainingstudio.be\/wp-content\/uploads\/2023\/01\/cropped-LOGO-BLANC-BODYTRAININGSTUDIO-e1673262636992.png\",\"contentUrl\":\"https:\/\/dev.bodytrainingstudio.be\/wp-content\/uploads\/2023\/01\/cropped-LOGO-BLANC-BODYTRAININGSTUDIO-e1673262636992.png\",\"width\":1319,\"height\":336,\"caption\":\"Body Training Studio\"},\"image\":{\"@id\":\"https:\/\/dev.bodytrainingstudio.be\/es\/#\/schema\/logo\/image\/\"},\"sameAs\":[\"https:\/\/www.facebook.com\/bodytrainingstudio.be\/\"]}]}<\/script>\n<!-- \/ Yoast SEO plugin. -->","yoast_head_json":{"title":"Condiciones generales de venta - Body Training Studio","robots":{"index":"noindex","follow":"follow","max-snippet":"max-snippet:-1","max-image-preview":"max-image-preview:large","max-video-preview":"max-video-preview:-1"},"og_locale":"es_ES","og_type":"article","og_title":"Condiciones generales de venta - Body Training Studio","og_description":"Condiciones generales de venta Condiciones generales de venta 1. Todas las compras realizadas en Body Training Studio son definitivas. Body Training Studio no ofrece reembolsos por servicios o productos en caso de cambio de opini\u00f3n, lesi\u00f3n, enfermedad, cambio de direcci\u00f3n o cualquier otra raz\u00f3n. 2. Las tarifas pueden aumentar de vez en cuando para reflejar [&hellip;]","og_url":"https:\/\/dev.bodytrainingstudio.be\/es\/condiciones-generales-de-venta\/","og_site_name":"Body Training Studio","article_publisher":"https:\/\/www.facebook.com\/bodytrainingstudio.be\/","article_modified_time":"2023-02-27T13:43:20+00:00","twitter_card":"summary_large_image","twitter_misc":{"Tiempo de lectura":"7 minutos"},"schema":{"@context":"https:\/\/schema.org","@graph":[{"@type":"WebPage","@id":"https:\/\/dev.bodytrainingstudio.be\/es\/condiciones-generales-de-venta\/","url":"https:\/\/dev.bodytrainingstudio.be\/es\/condiciones-generales-de-venta\/","name":"Condiciones generales de venta - Body Training Studio","isPartOf":{"@id":"https:\/\/dev.bodytrainingstudio.be\/es\/#website"},"datePublished":"2023-02-07T11:00:06+00:00","dateModified":"2023-02-27T13:43:20+00:00","breadcrumb":{"@id":"https:\/\/dev.bodytrainingstudio.be\/es\/condiciones-generales-de-venta\/#breadcrumb"},"inLanguage":"es","potentialAction":[{"@type":"ReadAction","target":["https:\/\/dev.bodytrainingstudio.be\/es\/condiciones-generales-de-venta\/"]}]},{"@type":"BreadcrumbList","@id":"https:\/\/dev.bodytrainingstudio.be\/es\/condiciones-generales-de-venta\/#breadcrumb","itemListElement":[{"@type":"ListItem","position":1,"name":"Accueil","item":"https:\/\/dev.bodytrainingstudio.be\/es\/"},{"@type":"ListItem","position":2,"name":"Condiciones generales de venta"}]},{"@type":"WebSite","@id":"https:\/\/dev.bodytrainingstudio.be\/es\/#website","url":"https:\/\/dev.bodytrainingstudio.be\/es\/","name":"Body Training Studio","description":"EXPERT EMS","publisher":{"@id":"https:\/\/dev.bodytrainingstudio.be\/es\/#organization"},"potentialAction":[{"@type":"SearchAction","target":{"@type":"EntryPoint","urlTemplate":"https:\/\/dev.bodytrainingstudio.be\/es\/?s={search_term_string}"},"query-input":"required name=search_term_string"}],"inLanguage":"es"},{"@type":"Organization","@id":"https:\/\/dev.bodytrainingstudio.be\/es\/#organization","name":"Body Training Studio","url":"https:\/\/dev.bodytrainingstudio.be\/es\/","logo":{"@type":"ImageObject","inLanguage":"es","@id":"https:\/\/dev.bodytrainingstudio.be\/es\/#\/schema\/logo\/image\/","url":"https:\/\/dev.bodytrainingstudio.be\/wp-content\/uploads\/2023\/01\/cropped-LOGO-BLANC-BODYTRAININGSTUDIO-e1673262636992.png","contentUrl":"https:\/\/dev.bodytrainingstudio.be\/wp-content\/uploads\/2023\/01\/cropped-LOGO-BLANC-BODYTRAININGSTUDIO-e1673262636992.png","width":1319,"height":336,"caption":"Body Training Studio"},"image":{"@id":"https:\/\/dev.bodytrainingstudio.be\/es\/#\/schema\/logo\/image\/"},"sameAs":["https:\/\/www.facebook.com\/bodytrainingstudio.be\/"]}]}},"_links":{"self":[{"href":"https:\/\/dev.bodytrainingstudio.be\/es\/wp-json\/wp\/v2\/pages\/15103"}],"collection":[{"href":"https:\/\/dev.bodytrainingstudio.be\/es\/wp-json\/wp\/v2\/pages"}],"about":[{"href":"https:\/\/dev.bodytrainingstudio.be\/es\/wp-json\/wp\/v2\/types\/page"}],"author":[{"embeddable":true,"href":"https:\/\/dev.bodytrainingstudio.be\/es\/wp-json\/wp\/v2\/users\/1"}],"replies":[{"embeddable":true,"href":"https:\/\/dev.bodytrainingstudio.be\/es\/wp-json\/wp\/v2\/comments?post=15103"}],"version-history":[{"count":1,"href":"https:\/\/dev.bodytrainingstudio.be\/es\/wp-json\/wp\/v2\/pages\/15103\/revisions"}],"predecessor-version":[{"id":15104,"href":"https:\/\/dev.bodytrainingstudio.be\/es\/wp-json\/wp\/v2\/pages\/15103\/revisions\/15104"}],"wp:attachment":[{"href":"https:\/\/dev.bodytrainingstudio.be\/es\/wp-json\/wp\/v2\/media?parent=15103"}],"curies":[{"name":"wp","href":"https:\/\/api.w.org\/{rel}","templated":true}]}}